{"id":78,"date":"2022-10-09T15:09:09","date_gmt":"2022-10-09T15:09:09","guid":{"rendered":"https:\/\/theblackunicorn.eu\/?page_id=78"},"modified":"2026-02-28T12:51:04","modified_gmt":"2026-02-28T12:51:04","slug":"cv","status":"publish","type":"page","link":"https:\/\/theblackunicorn.eu\/hun\/cv\/","title":{"rendered":"CV"},"content":{"rendered":"<div data-elementor-type=\"wp-page\" data-elementor-id=\"78\" class=\"elementor elementor-78\" data-elementor-post-type=\"page\">\n\t\t\t\t\t\t<section class=\"elementor-section elementor-top-section elementor-element elementor-element-85db969 elementor-section-full_width elementor-section-height-default elementor-section-height-default\" data-id=\"85db969\" data-element_type=\"section\" data-settings=\"{&quot;sticky&quot;:&quot;top&quot;,&quot;sticky_on&quot;:[&quot;desktop&quot;,&quot;tablet&quot;,&quot;mobile&quot;],&quot;sticky_offset&quot;:0,&quot;sticky_effects_offset&quot;:0}\">\n\t\t\t\t\t\t\t<div class=\"elementor-background-overlay\"><\/div>\n\t\t\t\t\t\t\t<div class=\"elementor-container elementor-column-gap-default\">\n\t\t\t\t\t<div class=\"elementor-column elementor-col-100 elementor-top-column elementor-element elementor-element-faef479\" data-id=\"faef479\" data-element_type=\"column\">\n\t\t\t<div class=\"elementor-widget-wrap elementor-element-populated\">\n\t\t\t\t\t\t<section class=\"elementor-section elementor-inner-section elementor-element elementor-element-bce98b8 elementor-section-boxed elementor-section-height-default elementor-section-height-default\" data-id=\"bce98b8\" data-element_type=\"section\">\n\t\t\t\t\t\t<div class=\"elementor-container elementor-column-gap-default\">\n\t\t\t\t\t<div class=\"elementor-column elementor-col-33 elementor-inner-column elementor-element elementor-element-3b55aaf\" data-id=\"3b55aaf\" data-element_type=\"column\">\n\t\t\t<div class=\"elementor-widget-wrap elementor-element-populated\">\n\t\t\t\t\t\t<div class=\"elementor-element elementor-element-b5731c6 elementor-widget elementor-widget-theme-site-logo elementor-widget-image\" data-id=\"b5731c6\" data-element_type=\"widget\" data-widget_type=\"theme-site-logo.default\">\n\t\t\t\t<div class=\"elementor-widget-container\">\n\t\t\t\t\t\t\t\t\t<a href=\"https:\/\/theblackunicorn.eu\/hun\">\n\t\t\t<img fetchpriority=\"high\" decoding=\"async\" width=\"1773\" height=\"1772\" src=\"https:\/\/theblackunicorn.eu\/wp-content\/uploads\/2022\/10\/Black_Unicorn_Logo_FINAL_RGB_NEG-v01-1.png\" class=\"attachment-full size-full wp-image-41\" alt=\"\" srcset=\"https:\/\/theblackunicorn.eu\/wp-content\/uploads\/2022\/10\/Black_Unicorn_Logo_FINAL_RGB_NEG-v01-1.png 1773w, https:\/\/theblackunicorn.eu\/wp-content\/uploads\/2022\/10\/Black_Unicorn_Logo_FINAL_RGB_NEG-v01-1-300x300.png 300w, https:\/\/theblackunicorn.eu\/wp-content\/uploads\/2022\/10\/Black_Unicorn_Logo_FINAL_RGB_NEG-v01-1-1024x1024.png 1024w, https:\/\/theblackunicorn.eu\/wp-content\/uploads\/2022\/10\/Black_Unicorn_Logo_FINAL_RGB_NEG-v01-1-150x150.png 150w, https:\/\/theblackunicorn.eu\/wp-content\/uploads\/2022\/10\/Black_Unicorn_Logo_FINAL_RGB_NEG-v01-1-768x768.png 768w, https:\/\/theblackunicorn.eu\/wp-content\/uploads\/2022\/10\/Black_Unicorn_Logo_FINAL_RGB_NEG-v01-1-1536x1536.png 1536w, https:\/\/theblackunicorn.eu\/wp-content\/uploads\/2022\/10\/elementor\/thumbs\/Black_Unicorn_Logo_FINAL_RGB_NEG-v01-1-pvyodd7w1d4944a6p928n5ngw0sncwo20yvcwk0fzc.png 100w, https:\/\/theblackunicorn.eu\/wp-content\/uploads\/2022\/10\/elementor\/thumbs\/Black_Unicorn_Logo_FINAL_RGB_NEG-v01-1-q1leou5fgxvyh4wsujtoz1u5j8joqyid68wzvthgkg.png 80w\" sizes=\"(max-width: 1773px) 100vw, 1773px\" loading=\"eager\" \/>\t\t\t\t<\/a>\n\t\t\t\t\t\t\t\t\t<\/div>\n\t\t\t\t<\/div>\n\t\t\t\t\t<\/div>\n\t\t<\/div>\n\t\t\t\t<div class=\"elementor-column elementor-col-66 elementor-inner-column elementor-element elementor-element-3c05416\" data-id=\"3c05416\" data-element_type=\"column\">\n\t\t\t<div class=\"elementor-widget-wrap elementor-element-populated\">\n\t\t\t\t\t\t<div class=\"elementor-element elementor-element-f9c452e elementor-nav-menu--dropdown-tablet elementor-nav-menu__text-align-aside elementor-nav-menu--toggle elementor-nav-menu--burger elementor-widget elementor-widget-nav-menu\" data-id=\"f9c452e\" data-element_type=\"widget\" data-settings=\"{&quot;layout&quot;:&quot;horizontal&quot;,&quot;submenu_icon&quot;:{&quot;value&quot;:&quot;&lt;i class=\\&quot;fas fa-caret-down\\&quot;&gt;&lt;\\\/i&gt;&quot;,&quot;library&quot;:&quot;fa-solid&quot;},&quot;toggle&quot;:&quot;burger&quot;}\" data-widget_type=\"nav-menu.default\">\n\t\t\t\t<div class=\"elementor-widget-container\">\n\t\t\t\t\t\t<nav aria-label=\"Menu\" class=\"elementor-nav-menu--main elementor-nav-menu__container elementor-nav-menu--layout-horizontal e--pointer-underline e--animation-fade\">\n\t\t\t\t<ul id=\"menu-1-f9c452e\" class=\"elementor-nav-menu\"><li class=\"menu-item menu-item-type-post_type menu-item-object-page menu-item-198\"><a href=\"https:\/\/theblackunicorn.eu\/hun\/cv\/\" class=\"elementor-item\">CV<\/a><\/li>\n<li class=\"menu-item menu-item-type-custom menu-item-object-custom menu-item-94\"><a href=\"https:\/\/theblackunicorn.eu\/hun\/#contentp2\" class=\"elementor-item elementor-item-anchor\">Content<\/a><\/li>\n<li class=\"menu-item menu-item-type-custom menu-item-object-custom menu-item-95\"><a href=\"https:\/\/theblackunicorn.eu\/hun\/#consultingp2\" class=\"elementor-item elementor-item-anchor\">Consulting<\/a><\/li>\n<li class=\"menu-item menu-item-type-custom menu-item-object-custom menu-item-96\"><a href=\"https:\/\/theblackunicorn.eu\/hun\/#coaching\" class=\"elementor-item elementor-item-anchor\">Coaching<\/a><\/li>\n<li class=\"menu-item menu-item-type-custom menu-item-object-custom menu-item-has-children menu-item-216\"><a href=\"https:\/\/theblackunicorn.eu\/hun\/#casestudies\" class=\"elementor-item elementor-item-anchor\">Case Studies<\/a>\n<ul class=\"sub-menu elementor-nav-menu--dropdown\">\n\t<li class=\"menu-item menu-item-type-post_type menu-item-object-page menu-item-947\"><a href=\"https:\/\/theblackunicorn.eu\/hun\/eng-case-studies\/\" class=\"elementor-sub-item\">ENG Case Studies<\/a><\/li>\n\t<li class=\"menu-item menu-item-type-post_type menu-item-object-page menu-item-967\"><a href=\"https:\/\/theblackunicorn.eu\/hun\/hun-case-studies\/\" class=\"elementor-sub-item\">HUN Case Studies<\/a><\/li>\n<\/ul>\n<\/li>\n<li class=\"menu-item menu-item-type-custom menu-item-object-custom menu-item-97\"><a href=\"https:\/\/theblackunicorn.eu\/hun\/#contact\" class=\"elementor-item elementor-item-anchor\">Contact<\/a><\/li>\n<li class=\"trp-language-switcher-container menu-item menu-item-type-post_type menu-item-object-language_switcher current-language-menu-item menu-item-268\"><a href=\"https:\/\/theblackunicorn.eu\/hun\/wp-json\/wp\/v2\/pages\/78\" class=\"elementor-item elementor-item-anchor\"><span data-no-translation><span class=\"trp-ls-language-name\">ENG<\/span><\/span><\/a><\/li>\n<\/ul>\t\t\t<\/nav>\n\t\t\t\t\t<div class=\"elementor-menu-toggle\" role=\"button\" tabindex=\"0\" aria-label=\"Men\u00fc kapcsol\u00f3\" aria-expanded=\"false\">\n\t\t\t<i aria-hidden=\"true\" role=\"presentation\" class=\"elementor-menu-toggle__icon--open eicon-menu-bar\"><\/i><i aria-hidden=\"true\" role=\"presentation\" class=\"elementor-menu-toggle__icon--close eicon-close\"><\/i>\t\t\t<span class=\"elementor-screen-only\">Men\u00fc<\/span>\n\t\t<\/div>\n\t\t\t\t\t<nav class=\"elementor-nav-menu--dropdown elementor-nav-menu__container\" aria-hidden=\"true\">\n\t\t\t\t<ul id=\"menu-2-f9c452e\" class=\"elementor-nav-menu\"><li class=\"menu-item menu-item-type-post_type menu-item-object-page menu-item-198\"><a href=\"https:\/\/theblackunicorn.eu\/hun\/cv\/\" class=\"elementor-item\" tabindex=\"-1\">CV<\/a><\/li>\n<li class=\"menu-item menu-item-type-custom menu-item-object-custom menu-item-94\"><a href=\"https:\/\/theblackunicorn.eu\/hun\/#contentp2\" class=\"elementor-item elementor-item-anchor\" tabindex=\"-1\">Content<\/a><\/li>\n<li class=\"menu-item menu-item-type-custom menu-item-object-custom menu-item-95\"><a href=\"https:\/\/theblackunicorn.eu\/hun\/#consultingp2\" class=\"elementor-item elementor-item-anchor\" tabindex=\"-1\">Consulting<\/a><\/li>\n<li class=\"menu-item menu-item-type-custom menu-item-object-custom menu-item-96\"><a href=\"https:\/\/theblackunicorn.eu\/hun\/#coaching\" class=\"elementor-item elementor-item-anchor\" tabindex=\"-1\">Coaching<\/a><\/li>\n<li class=\"menu-item menu-item-type-custom menu-item-object-custom menu-item-has-children menu-item-216\"><a href=\"https:\/\/theblackunicorn.eu\/hun\/#casestudies\" class=\"elementor-item elementor-item-anchor\" tabindex=\"-1\">Case Studies<\/a>\n<ul class=\"sub-menu elementor-nav-menu--dropdown\">\n\t<li class=\"menu-item menu-item-type-post_type menu-item-object-page menu-item-947\"><a href=\"https:\/\/theblackunicorn.eu\/hun\/eng-case-studies\/\" class=\"elementor-sub-item\" tabindex=\"-1\">ENG Case Studies<\/a><\/li>\n\t<li class=\"menu-item menu-item-type-post_type menu-item-object-page menu-item-967\"><a href=\"https:\/\/theblackunicorn.eu\/hun\/hun-case-studies\/\" class=\"elementor-sub-item\" tabindex=\"-1\">HUN Case Studies<\/a><\/li>\n<\/ul>\n<\/li>\n<li class=\"menu-item menu-item-type-custom menu-item-object-custom menu-item-97\"><a href=\"https:\/\/theblackunicorn.eu\/hun\/#contact\" class=\"elementor-item elementor-item-anchor\" tabindex=\"-1\">Contact<\/a><\/li>\n<li class=\"trp-language-switcher-container menu-item menu-item-type-post_type menu-item-object-language_switcher current-language-menu-item menu-item-268\"><a href=\"https:\/\/theblackunicorn.eu\/hun\/wp-json\/wp\/v2\/pages\/78\" class=\"elementor-item elementor-item-anchor\" tabindex=\"-1\"><span data-no-translation><span class=\"trp-ls-language-name\">ENG<\/span><\/span><\/a><\/li>\n<\/ul>\t\t\t<\/nav>\n\t\t\t\t<\/div>\n\t\t\t\t<\/div>\n\t\t\t\t\t<\/div>\n\t\t<\/div>\n\t\t\t\t\t<\/div>\n\t\t<\/section>\n\t\t\t\t\t<\/div>\n\t\t<\/div>\n\t\t\t\t\t<\/div>\n\t\t<\/section>\n\t\t\t\t<section class=\"elementor-section elementor-top-section elementor-element elementor-element-69c35f7 elementor-section-boxed elementor-section-height-default elementor-section-height-default\" data-id=\"69c35f7\" data-element_type=\"section\" data-settings=\"{&quot;background_background&quot;:&quot;classic&quot;}\">\n\t\t\t\t\t\t<div class=\"elementor-container elementor-column-gap-default\">\n\t\t\t\t\t<div class=\"elementor-column elementor-col-100 elementor-top-column elementor-element elementor-element-6457672\" data-id=\"6457672\" data-element_type=\"column\">\n\t\t\t<div class=\"elementor-widget-wrap elementor-element-populated\">\n\t\t\t\t\t\t<section class=\"elementor-section elementor-inner-section elementor-element elementor-element-db7d4a2 elementor-section-content-middle elementor-section-boxed elementor-section-height-default elementor-section-height-default\" data-id=\"db7d4a2\" data-element_type=\"section\">\n\t\t\t\t\t\t<div class=\"elementor-container elementor-column-gap-default\">\n\t\t\t\t\t<div class=\"elementor-column elementor-col-50 elementor-inner-column elementor-element elementor-element-b87bdf6\" data-id=\"b87bdf6\" data-element_type=\"column\">\n\t\t\t<div class=\"elementor-widget-wrap elementor-element-populated\">\n\t\t\t\t\t\t<div class=\"elementor-element elementor-element-82ae49c elementor-widget elementor-widget-heading\" data-id=\"82ae49c\" data-element_type=\"widget\" data-widget_type=\"heading.default\">\n\t\t\t\t<div class=\"elementor-widget-container\">\n\t\t\t<h2 class=\"elementor-heading-title elementor-size-default\">\/cv<\/h2>\t\t<\/div>\n\t\t\t\t<\/div>\n\t\t\t\t<div class=\"elementor-element elementor-element-d572093 elementor-widget-divider--view-line elementor-widget elementor-widget-divider\" data-id=\"d572093\" data-element_type=\"widget\" data-widget_type=\"divider.default\">\n\t\t\t\t<div class=\"elementor-widget-container\">\n\t\t\t\t\t<div class=\"elementor-divider\">\n\t\t\t<span class=\"elementor-divider-separator\">\n\t\t\t\t\t\t<\/span>\n\t\t<\/div>\n\t\t\t\t<\/div>\n\t\t\t\t<\/div>\n\t\t\t\t<div class=\"elementor-element elementor-element-3cc5e4e elementor-widget elementor-widget-heading\" data-id=\"3cc5e4e\" data-element_type=\"widget\" data-widget_type=\"heading.default\">\n\t\t\t\t<div class=\"elementor-widget-container\">\n\t\t\t<h6 class=\"elementor-heading-title elementor-size-default\">Benedek Gerg\u0151 vagyok, szociol\u00f3gus, \u00fajs\u00e1g\u00edr\u00f3 \u00e9s sz\u00f6veg\u00edr\u00f3, t\u00f6bb, mint 20 \u00e9v szakmai tapasztalattal. <\/h6>\t\t<\/div>\n\t\t\t\t<\/div>\n\t\t\t\t\t<\/div>\n\t\t<\/div>\n\t\t\t\t<div class=\"elementor-column elementor-col-50 elementor-inner-column elementor-element elementor-element-a8b836a\" data-id=\"a8b836a\" data-element_type=\"column\">\n\t\t\t<div class=\"elementor-widget-wrap elementor-element-populated\">\n\t\t\t\t\t\t<div class=\"elementor-element elementor-element-cd8f318 elementor-widget elementor-widget-image\" data-id=\"cd8f318\" data-element_type=\"widget\" data-widget_type=\"image.default\">\n\t\t\t\t<div class=\"elementor-widget-container\">\n\t\t\t\t\t\t\t\t\t\t\t\t\t<img decoding=\"async\" width=\"783\" height=\"583\" src=\"https:\/\/theblackunicorn.eu\/wp-content\/uploads\/2022\/10\/g_bu-Edited.jpg\" class=\"attachment-large size-large wp-image-485\" alt=\"\" srcset=\"https:\/\/theblackunicorn.eu\/wp-content\/uploads\/2022\/10\/g_bu-Edited.jpg 783w, https:\/\/theblackunicorn.eu\/wp-content\/uploads\/2022\/10\/g_bu-Edited-300x223.jpg 300w, https:\/\/theblackunicorn.eu\/wp-content\/uploads\/2022\/10\/g_bu-Edited-768x572.jpg 768w, https:\/\/theblackunicorn.eu\/wp-content\/uploads\/2022\/10\/g_bu-Edited-16x12.jpg 16w\" sizes=\"(max-width: 783px) 100vw, 783px\" loading=\"eager\" \/>\t\t\t\t\t\t\t\t\t\t\t\t\t<\/div>\n\t\t\t\t<\/div>\n\t\t\t\t\t<\/div>\n\t\t<\/div>\n\t\t\t\t\t<\/div>\n\t\t<\/section>\n\t\t\t\t<div class=\"elementor-element elementor-element-964ab5c elementor-widget elementor-widget-spacer\" data-id=\"964ab5c\" data-element_type=\"widget\" data-widget_type=\"spacer.default\">\n\t\t\t\t<div class=\"elementor-widget-container\">\n\t\t\t\t\t<div class=\"elementor-spacer\">\n\t\t\t<div class=\"elementor-spacer-inner\"><\/div>\n\t\t<\/div>\n\t\t\t\t<\/div>\n\t\t\t\t<\/div>\n\t\t\t\t<div class=\"elementor-element elementor-element-c9eebf7 elementor-widget elementor-widget-text-editor\" data-id=\"c9eebf7\" data-element_type=\"widget\" data-widget_type=\"text-editor.default\">\n\t\t\t\t<div class=\"elementor-widget-container\">\n\t\t\t\t\t\t\t<p>Kamaszkorom \u00f3ta er\u0151s k\u00e9sztet\u00e9st \u00e9rzek arra, hogy elmes\u00e9ljem azokat a t\u00f6rt\u00e9neteket, amelyeket fontosnak, \u00e9rdekesnek vagy k\u00fcl\u00f6nlegesnek tal\u00e1lok - a legjobb esetben mindh\u00e1rom igaz r\u00e1juk.<\/p>\t\t\t\t\t\t<\/div>\n\t\t\t\t<\/div>\n\t\t\t\t<div class=\"elementor-element elementor-element-2d5a97e elementor-widget elementor-widget-text-editor\" data-id=\"2d5a97e\" data-element_type=\"widget\" data-widget_type=\"text-editor.default\">\n\t\t\t\t<div class=\"elementor-widget-container\">\n\t\t\t\t\t\t\t<p><span style=\"font-weight: 400;\">Szociol\u00f3gusnak \u00e9s \u00fajs\u00e1g\u00edr\u00f3nak tanultam az egyetemen. Az els\u0151 teljes \u00e1ll\u00e1som egy k\u00f6zszolg\u00e1lati poz\u00edci\u00f3 volt, EU fejleszt\u00e9si PR ter\u00fcleten, el\u0151tte dolgoztam r\u00e1di\u00f3ban \u00e9s \u00fajs\u00e1goknak is.<\/span><\/p>\t\t\t\t\t\t<\/div>\n\t\t\t\t<\/div>\n\t\t\t\t<div class=\"elementor-element elementor-element-62dbff5 elementor-widget elementor-widget-text-editor\" data-id=\"62dbff5\" data-element_type=\"widget\" data-widget_type=\"text-editor.default\">\n\t\t\t\t<div class=\"elementor-widget-container\">\n\t\t\t\t\t\t\t<p><span style=\"font-weight: 400;\">Az\u00f3ta blogolok, ami\u00f3ta a m\u0171fajt feltal\u00e1lt\u00e1k. Akkor kezdtem podcastelni, amikor tucatnyin\u00e1l kevesebb magyar nyelv\u0171 csatorna l\u00e9tezett m\u00e9g Magyarorsz\u00e1gon. Rekl\u00e1m\u00fcgyn\u00f6ks\u00e9gen dolgoztam digit\u00e1lis sz\u00f6veg\u00edr\u00f3k\u00e9nt, azt\u00e1n 2014 tavasz\u00e1n v\u00e1ltottam, elmentem freelancernek, \u00e9s Budapestr\u0151l kik\u00f6lt\u00f6ztem a B\u00f6rzs\u00f6nybe, egy erd\u0151sz\u00e9li h\u00e1zik\u00f3ba, a feles\u00e9gemmel, hogy a t\u00e1vmunka \u00e9s a term\u00e9szetbar\u00e1t kert\u00e9szked\u00e9s \u00f6tv\u00f6z\u00e9s\u00e9vel k\u00eds\u00e9rletezzek <a href=\"https:\/\/theblackunicorn.eu\/hun\/digital-druid\/\" target=\"_blank\" rel=\"noopener\">digit\u00e1lis druida<\/a> -\u00e9letm\u00f3d megteremt\u00e9s\u00e9vel.<\/span><\/p>\t\t\t\t\t\t<\/div>\n\t\t\t\t<\/div>\n\t\t\t\t<div class=\"elementor-element elementor-element-c4b7edb elementor-align-left elementor-widget elementor-widget-button\" data-id=\"c4b7edb\" data-element_type=\"widget\" data-widget_type=\"button.default\">\n\t\t\t\t<div class=\"elementor-widget-container\">\n\t\t\t\t\t\t\t<div class=\"elementor-button-wrapper\">\n\t\t\t\t\t<a class=\"elementor-button elementor-button-link elementor-size-sm\" href=\"https:\/\/theblackunicorn.eu\/#main-contact\">\n\t\t\t\t\t\t<span class=\"elementor-button-content-wrapper\">\n\t\t\t\t\t\t\t\t\t<span class=\"elementor-button-text\">Besz\u00e9lgess\u00fcnk egy j\u00f3t!<\/span>\n\t\t\t\t\t<\/span>\n\t\t\t\t\t<\/a>\n\t\t\t\t<\/div>\n\t\t\t\t\t\t<\/div>\n\t\t\t\t<\/div>\n\t\t\t\t\t<\/div>\n\t\t<\/div>\n\t\t\t\t\t<\/div>\n\t\t<\/section>\n\t\t\t\t<section class=\"elementor-section elementor-top-section elementor-element elementor-element-61c0513 elementor-section-boxed elementor-section-height-default elementor-section-height-default\" data-id=\"61c0513\" data-element_type=\"section\" data-settings=\"{&quot;background_background&quot;:&quot;classic&quot;}\">\n\t\t\t\t\t\t<div class=\"elementor-container elementor-column-gap-default\">\n\t\t\t\t\t<div class=\"elementor-column elementor-col-100 elementor-top-column elementor-element elementor-element-38833c1\" data-id=\"38833c1\" data-element_type=\"column\">\n\t\t\t<div class=\"elementor-widget-wrap elementor-element-populated\">\n\t\t\t\t\t\t<section class=\"elementor-section elementor-inner-section elementor-element elementor-element-df533d5 elementor-section-boxed elementor-section-height-default elementor-section-height-default\" data-id=\"df533d5\" data-element_type=\"section\">\n\t\t\t\t\t\t<div class=\"elementor-container elementor-column-gap-default\">\n\t\t\t\t\t<div class=\"elementor-column elementor-col-50 elementor-inner-column elementor-element elementor-element-93b557c\" data-id=\"93b557c\" data-element_type=\"column\">\n\t\t\t<div class=\"elementor-widget-wrap elementor-element-populated\">\n\t\t\t\t\t\t<div class=\"elementor-element elementor-element-30834e2 elementor-widget elementor-widget-image\" data-id=\"30834e2\" data-element_type=\"widget\" data-widget_type=\"image.default\">\n\t\t\t\t<div class=\"elementor-widget-container\">\n\t\t\t\t\t\t\t\t\t\t\t\t\t<img decoding=\"async\" width=\"800\" height=\"532\" src=\"https:\/\/theblackunicorn.eu\/wp-content\/uploads\/2022\/10\/g_bu_city-Edited-1024x681.jpg\" class=\"attachment-large size-large wp-image-486\" alt=\"\" srcset=\"https:\/\/theblackunicorn.eu\/wp-content\/uploads\/2022\/10\/g_bu_city-Edited-1024x681.jpg 1024w, https:\/\/theblackunicorn.eu\/wp-content\/uploads\/2022\/10\/g_bu_city-Edited-300x199.jpg 300w, https:\/\/theblackunicorn.eu\/wp-content\/uploads\/2022\/10\/g_bu_city-Edited-768x511.jpg 768w, https:\/\/theblackunicorn.eu\/wp-content\/uploads\/2022\/10\/g_bu_city-Edited-18x12.jpg 18w, https:\/\/theblackunicorn.eu\/wp-content\/uploads\/2022\/10\/g_bu_city-Edited.jpg 1158w\" sizes=\"(max-width: 800px) 100vw, 800px\" loading=\"eager\" \/>\t\t\t\t\t\t\t\t\t\t\t\t\t<\/div>\n\t\t\t\t<\/div>\n\t\t\t\t\t<\/div>\n\t\t<\/div>\n\t\t\t\t<div class=\"elementor-column elementor-col-50 elementor-inner-column elementor-element elementor-element-a73d9d3\" data-id=\"a73d9d3\" data-element_type=\"column\">\n\t\t\t<div class=\"elementor-widget-wrap elementor-element-populated\">\n\t\t\t\t\t\t<div class=\"elementor-element elementor-element-436fc81 elementor-widget elementor-widget-text-editor\" data-id=\"436fc81\" data-element_type=\"widget\" data-widget_type=\"text-editor.default\">\n\t\t\t\t<div class=\"elementor-widget-container\">\n\t\t\t\t\t\t\t<p><span style=\"font-weight: 400;\"><strong>\u00dagy \u00e9rzem, hogy a c\u00e9gek \u00e9s szervezetek t\u00f6bbs\u00e9ge nem haszn\u00e1lja ki kommunik\u00e1ci\u00f3s lehet\u0151s\u00e9geit.<\/strong> Gyakran nem \u00e9lnek azokkal az eszk\u00f6z\u00f6kkel, amelyekkel a legt\u00f6bbet ki lehetne hozni abb\u00f3l a tartalomb\u00f3l, amit el\u0151\u00e1ll\u00edtok a sz\u00e1mukra. L\u00e9nyeg\u00e9ben az\u00e9rt ker\u00edtettem sort a Black Unicorn alap\u00edt\u00e1s\u00e1ra, mert \u00edgy \u00e1t tudok adni egy k\u00f6nnyen haszn\u00e1lhat\u00f3 keretrendszert, amivel a partnereim kommunik\u00e1ci\u00f3j\u00e1nak minden aspektusa egyedi, eredeti \u00e9s \u00e9rt\u00e9kalap\u00fa lesz.<\/span><\/p>\t\t\t\t\t\t<\/div>\n\t\t\t\t<\/div>\n\t\t\t\t\t<\/div>\n\t\t<\/div>\n\t\t\t\t\t<\/div>\n\t\t<\/section>\n\t\t\t\t<div class=\"elementor-element elementor-element-c471a45 elementor-widget-divider--view-line elementor-widget elementor-widget-divider\" data-id=\"c471a45\" data-element_type=\"widget\" data-widget_type=\"divider.default\">\n\t\t\t\t<div class=\"elementor-widget-container\">\n\t\t\t\t\t<div class=\"elementor-divider\">\n\t\t\t<span class=\"elementor-divider-separator\">\n\t\t\t\t\t\t<\/span>\n\t\t<\/div>\n\t\t\t\t<\/div>\n\t\t\t\t<\/div>\n\t\t\t\t<div class=\"elementor-element elementor-element-36d223c elementor-widget elementor-widget-text-editor\" data-id=\"36d223c\" data-element_type=\"widget\" data-widget_type=\"text-editor.default\">\n\t\t\t\t<div class=\"elementor-widget-container\">\n\t\t\t\t\t\t\t<p><span style=\"font-weight: 400;\"><strong>A Black Unicorn <a href=\"https:\/\/theblackunicorn.eu\/hun\/#main-consult\" target=\"_blank\" rel=\"noopener\" data-wplink-edit=\"true\">tan\u00e1csad\u00e1st<\/a> \u00e9s <\/strong><a href=\"https:\/\/theblackunicorn.eu\/#main-content\" target=\"_blank\" rel=\"noopener\"><strong>tartalmat k\u00edn\u00e1l.<\/strong><\/a> \u00a0<\/span><\/p>\t\t\t\t\t\t<\/div>\n\t\t\t\t<\/div>\n\t\t\t\t<div class=\"elementor-element elementor-element-49c1753 elementor-widget elementor-widget-text-editor\" data-id=\"49c1753\" data-element_type=\"widget\" data-widget_type=\"text-editor.default\">\n\t\t\t\t<div class=\"elementor-widget-container\">\n\t\t\t\t\t\t\t<p><span style=\"font-weight: 400;\">Ez azt jelenti, hogy seg\u00edteni tudok magas sz\u00ednvonal\u00fa, hat\u00e1sos \u00e9s egyedi <strong>anyagok, blogposztok, e-k\u00f6nyvek, h\u00edrlevelek, websz\u00f6vegek \u00e9s egy\u00e9b tartalmak, eml\u00e9kezetes t\u00f6rt\u00e9netek<\/strong>\u00a0 el\u0151\u00e1ll\u00edt\u00e1s\u00e1ban<\/span><\/p>\t\t\t\t\t\t<\/div>\n\t\t\t\t<\/div>\n\t\t\t\t<div class=\"elementor-element elementor-element-62a162e elementor-widget elementor-widget-text-editor\" data-id=\"62a162e\" data-element_type=\"widget\" data-widget_type=\"text-editor.default\">\n\t\t\t\t<div class=\"elementor-widget-container\">\n\t\t\t\t\t\t\t<p><span style=\"font-weight: 400;\">A <a href=\"https:\/\/theblackunicorn.eu\/hun\/#main-consult\" target=\"_blank\" rel=\"noopener\">tan\u00e1csad\u00f3i oldalon <\/a>pedig a k\u00e9pess\u00e9geim teljess\u00e9g\u00e9t szabad\u00edtom r\u00e1 az \u00fcgyf\u00e9l kommunik\u00e1ci\u00f3s kih\u00edv\u00e1saira, a holisztikus t\u00f6rt\u00e9netmes\u00e9l\u00e9si m\u00f3dszertan seg\u00edts\u00e9g\u00e9vel.<\/span><\/p>\t\t\t\t\t\t<\/div>\n\t\t\t\t<\/div>\n\t\t\t\t<div class=\"elementor-element elementor-element-90fafc9 elementor-widget elementor-widget-text-editor\" data-id=\"90fafc9\" data-element_type=\"widget\" data-widget_type=\"text-editor.default\">\n\t\t\t\t<div class=\"elementor-widget-container\">\n\t\t\t\t\t\t\t<p><span style=\"font-weight: 400;\">V\u00e9g\u00fcl a <a href=\"https:\/\/theblackunicorn.eu\/#main-coaching\" target=\"_blank\" rel=\"noopener\">coaching<\/a> szolg\u00e1ltat\u00e1s a m\u00f3dszertanom elsaj\u00e1t\u00edt\u00e1s\u00e1ra ad lehet\u0151s\u00e9get, hogy a megold\u00e1saimat h\u00e1zon bel\u00fcli er\u0151forr\u00e1sokkal alkalmazni tudd, ak\u00e1r a marketingr\u00e9szlegben, ak\u00e1r az\u00e9rt, hogy saj\u00e1t sz\u00f6veg\u00edr\u00f3i k\u00e9pess\u00e9geidet k\u00f6zel\u00edtsd a piaci \u00e9lvonalhoz.<\/span><\/p>\t\t\t\t\t\t<\/div>\n\t\t\t\t<\/div>\n\t\t\t\t<div class=\"elementor-element elementor-element-8b970e2 elementor-widget elementor-widget-spacer\" data-id=\"8b970e2\" data-element_type=\"widget\" data-widget_type=\"spacer.default\">\n\t\t\t\t<div class=\"elementor-widget-container\">\n\t\t\t\t\t<div class=\"elementor-spacer\">\n\t\t\t<div class=\"elementor-spacer-inner\"><\/div>\n\t\t<\/div>\n\t\t\t\t<\/div>\n\t\t\t\t<\/div>\n\t\t\t\t\t<\/div>\n\t\t<\/div>\n\t\t\t\t\t<\/div>\n\t\t<\/section>\n\t\t\t\t<\/div>","protected":false},"excerpt":{"rendered":"<p>\/cv I\u2019m Gerg\u0151 Benedek, sociologist, journalist and copywriter with 20+ years of experience. Ever since my teenage years, I\u2019ve felt a strong urge to tell the stories I feel are important, interesting, or strange, hopefully all at once. I studied to become a sociologist and journalist. My first full-time employment has been a government job [&hellip;]<\/p>","protected":false},"author":3,"featured_media":0,"parent":0,"menu_order":0,"comment_status":"closed","ping_status":"closed","template":"","meta":{"footnotes":""},"class_list":["post-78","page","type-page","status-publish","hentry"],"_links":{"self":[{"href":"https:\/\/theblackunicorn.eu\/hun\/wp-json\/wp\/v2\/pages\/78"}],"collection":[{"href":"https:\/\/theblackunicorn.eu\/hun\/wp-json\/wp\/v2\/pages"}],"about":[{"href":"https:\/\/theblackunicorn.eu\/hun\/wp-json\/wp\/v2\/types\/page"}],"author":[{"embeddable":true,"href":"https:\/\/theblackunicorn.eu\/hun\/wp-json\/wp\/v2\/users\/3"}],"replies":[{"embeddable":true,"href":"https:\/\/theblackunicorn.eu\/hun\/wp-json\/wp\/v2\/comments?post=78"}],"version-history":[{"count":8,"href":"https:\/\/theblackunicorn.eu\/hun\/wp-json\/wp\/v2\/pages\/78\/revisions"}],"predecessor-version":[{"id":911,"href":"https:\/\/theblackunicorn.eu\/hun\/wp-json\/wp\/v2\/pages\/78\/revisions\/911"}],"wp:attachment":[{"href":"https:\/\/theblackunicorn.eu\/hun\/wp-json\/wp\/v2\/media?parent=78"}],"curies":[{"name":"wp","href":"https:\/\/api.w.org\/{rel}","templated":true}]}}