{"id":462,"date":"2022-10-23T17:28:17","date_gmt":"2022-10-23T17:28:17","guid":{"rendered":"https:\/\/theblackunicorn.eu\/?page_id=462"},"modified":"2026-02-28T12:51:13","modified_gmt":"2026-02-28T12:51:13","slug":"digital-druid","status":"publish","type":"page","link":"https:\/\/theblackunicorn.eu\/hun\/digital-druid\/","title":{"rendered":"digital-druid"},"content":{"rendered":"<div data-elementor-type=\"wp-page\" data-elementor-id=\"462\" class=\"elementor elementor-462\" data-elementor-post-type=\"page\">\n\t\t\t\t\t\t<section class=\"elementor-section elementor-top-section elementor-element elementor-element-16bf833 elementor-section-full_width elementor-section-height-default elementor-section-height-default\" data-id=\"16bf833\" data-element_type=\"section\" data-settings=\"{&quot;sticky&quot;:&quot;top&quot;,&quot;sticky_on&quot;:[&quot;desktop&quot;,&quot;tablet&quot;,&quot;mobile&quot;],&quot;sticky_offset&quot;:0,&quot;sticky_effects_offset&quot;:0}\">\n\t\t\t\t\t\t\t<div class=\"elementor-background-overlay\"><\/div>\n\t\t\t\t\t\t\t<div class=\"elementor-container elementor-column-gap-default\">\n\t\t\t\t\t<div class=\"elementor-column elementor-col-100 elementor-top-column elementor-element elementor-element-b23927d\" data-id=\"b23927d\" data-element_type=\"column\">\n\t\t\t<div class=\"elementor-widget-wrap elementor-element-populated\">\n\t\t\t\t\t\t<section class=\"elementor-section elementor-inner-section elementor-element elementor-element-41ff4fc elementor-section-boxed elementor-section-height-default elementor-section-height-default\" data-id=\"41ff4fc\" data-element_type=\"section\">\n\t\t\t\t\t\t<div class=\"elementor-container elementor-column-gap-default\">\n\t\t\t\t\t<div class=\"elementor-column elementor-col-33 elementor-inner-column elementor-element elementor-element-d690ac4\" data-id=\"d690ac4\" data-element_type=\"column\">\n\t\t\t<div class=\"elementor-widget-wrap elementor-element-populated\">\n\t\t\t\t\t\t<div class=\"elementor-element elementor-element-63bff9e elementor-widget elementor-widget-theme-site-logo elementor-widget-image\" data-id=\"63bff9e\" data-element_type=\"widget\" data-widget_type=\"theme-site-logo.default\">\n\t\t\t\t<div class=\"elementor-widget-container\">\n\t\t\t\t\t\t\t\t\t<a href=\"https:\/\/theblackunicorn.eu\/hun\">\n\t\t\t<img fetchpriority=\"high\" decoding=\"async\" width=\"1773\" height=\"1772\" src=\"https:\/\/theblackunicorn.eu\/wp-content\/uploads\/2022\/10\/Black_Unicorn_Logo_FINAL_RGB_NEG-v01-1.png\" class=\"attachment-full size-full wp-image-41\" alt=\"\" srcset=\"https:\/\/theblackunicorn.eu\/wp-content\/uploads\/2022\/10\/Black_Unicorn_Logo_FINAL_RGB_NEG-v01-1.png 1773w, https:\/\/theblackunicorn.eu\/wp-content\/uploads\/2022\/10\/Black_Unicorn_Logo_FINAL_RGB_NEG-v01-1-300x300.png 300w, https:\/\/theblackunicorn.eu\/wp-content\/uploads\/2022\/10\/Black_Unicorn_Logo_FINAL_RGB_NEG-v01-1-1024x1024.png 1024w, https:\/\/theblackunicorn.eu\/wp-content\/uploads\/2022\/10\/Black_Unicorn_Logo_FINAL_RGB_NEG-v01-1-150x150.png 150w, https:\/\/theblackunicorn.eu\/wp-content\/uploads\/2022\/10\/Black_Unicorn_Logo_FINAL_RGB_NEG-v01-1-768x768.png 768w, https:\/\/theblackunicorn.eu\/wp-content\/uploads\/2022\/10\/Black_Unicorn_Logo_FINAL_RGB_NEG-v01-1-1536x1536.png 1536w, https:\/\/theblackunicorn.eu\/wp-content\/uploads\/2022\/10\/elementor\/thumbs\/Black_Unicorn_Logo_FINAL_RGB_NEG-v01-1-pvyodd7w1d4944a6p928n5ngw0sncwo20yvcwk0fzc.png 100w, https:\/\/theblackunicorn.eu\/wp-content\/uploads\/2022\/10\/elementor\/thumbs\/Black_Unicorn_Logo_FINAL_RGB_NEG-v01-1-q1leou5fgxvyh4wsujtoz1u5j8joqyid68wzvthgkg.png 80w\" sizes=\"(max-width: 1773px) 100vw, 1773px\" loading=\"eager\" \/>\t\t\t\t<\/a>\n\t\t\t\t\t\t\t\t\t<\/div>\n\t\t\t\t<\/div>\n\t\t\t\t\t<\/div>\n\t\t<\/div>\n\t\t\t\t<div class=\"elementor-column elementor-col-66 elementor-inner-column elementor-element elementor-element-128a174\" data-id=\"128a174\" data-element_type=\"column\">\n\t\t\t<div class=\"elementor-widget-wrap elementor-element-populated\">\n\t\t\t\t\t\t<div class=\"elementor-element elementor-element-c9a1137 elementor-nav-menu--dropdown-tablet elementor-nav-menu__text-align-aside elementor-nav-menu--toggle elementor-nav-menu--burger elementor-widget elementor-widget-nav-menu\" data-id=\"c9a1137\" data-element_type=\"widget\" data-settings=\"{&quot;layout&quot;:&quot;horizontal&quot;,&quot;submenu_icon&quot;:{&quot;value&quot;:&quot;&lt;i class=\\&quot;fas fa-caret-down\\&quot;&gt;&lt;\\\/i&gt;&quot;,&quot;library&quot;:&quot;fa-solid&quot;},&quot;toggle&quot;:&quot;burger&quot;}\" data-widget_type=\"nav-menu.default\">\n\t\t\t\t<div class=\"elementor-widget-container\">\n\t\t\t\t\t\t<nav aria-label=\"Menu\" class=\"elementor-nav-menu--main elementor-nav-menu__container elementor-nav-menu--layout-horizontal e--pointer-underline e--animation-fade\">\n\t\t\t\t<ul id=\"menu-1-c9a1137\" class=\"elementor-nav-menu\"><li class=\"menu-item menu-item-type-post_type menu-item-object-page menu-item-198\"><a href=\"https:\/\/theblackunicorn.eu\/hun\/cv\/\" class=\"elementor-item\">CV<\/a><\/li>\n<li class=\"menu-item menu-item-type-custom menu-item-object-custom menu-item-94\"><a href=\"https:\/\/theblackunicorn.eu\/hun\/#contentp2\" class=\"elementor-item elementor-item-anchor\">Content<\/a><\/li>\n<li class=\"menu-item menu-item-type-custom menu-item-object-custom menu-item-95\"><a href=\"https:\/\/theblackunicorn.eu\/hun\/#consultingp2\" class=\"elementor-item elementor-item-anchor\">Consulting<\/a><\/li>\n<li class=\"menu-item menu-item-type-custom menu-item-object-custom menu-item-96\"><a href=\"https:\/\/theblackunicorn.eu\/hun\/#coaching\" class=\"elementor-item elementor-item-anchor\">Coaching<\/a><\/li>\n<li class=\"menu-item menu-item-type-custom menu-item-object-custom menu-item-has-children menu-item-216\"><a href=\"https:\/\/theblackunicorn.eu\/hun\/#casestudies\" class=\"elementor-item elementor-item-anchor\">Case Studies<\/a>\n<ul class=\"sub-menu elementor-nav-menu--dropdown\">\n\t<li class=\"menu-item menu-item-type-post_type menu-item-object-page menu-item-947\"><a href=\"https:\/\/theblackunicorn.eu\/hun\/eng-case-studies\/\" class=\"elementor-sub-item\">ENG Case Studies<\/a><\/li>\n\t<li class=\"menu-item menu-item-type-post_type menu-item-object-page menu-item-967\"><a href=\"https:\/\/theblackunicorn.eu\/hun\/hun-case-studies\/\" class=\"elementor-sub-item\">HUN Case Studies<\/a><\/li>\n<\/ul>\n<\/li>\n<li class=\"menu-item menu-item-type-custom menu-item-object-custom menu-item-97\"><a href=\"https:\/\/theblackunicorn.eu\/hun\/#contact\" class=\"elementor-item elementor-item-anchor\">Contact<\/a><\/li>\n<li class=\"trp-language-switcher-container menu-item menu-item-type-post_type menu-item-object-language_switcher current-language-menu-item menu-item-268\"><a href=\"https:\/\/theblackunicorn.eu\/hun\/wp-json\/wp\/v2\/pages\/462\" class=\"elementor-item elementor-item-anchor\"><span data-no-translation><span class=\"trp-ls-language-name\">ENG<\/span><\/span><\/a><\/li>\n<\/ul>\t\t\t<\/nav>\n\t\t\t\t\t<div class=\"elementor-menu-toggle\" role=\"button\" tabindex=\"0\" aria-label=\"Men\u00fc kapcsol\u00f3\" aria-expanded=\"false\">\n\t\t\t<i aria-hidden=\"true\" role=\"presentation\" class=\"elementor-menu-toggle__icon--open eicon-menu-bar\"><\/i><i aria-hidden=\"true\" role=\"presentation\" class=\"elementor-menu-toggle__icon--close eicon-close\"><\/i>\t\t\t<span class=\"elementor-screen-only\">Men\u00fc<\/span>\n\t\t<\/div>\n\t\t\t\t\t<nav class=\"elementor-nav-menu--dropdown elementor-nav-menu__container\" aria-hidden=\"true\">\n\t\t\t\t<ul id=\"menu-2-c9a1137\" class=\"elementor-nav-menu\"><li class=\"menu-item menu-item-type-post_type menu-item-object-page menu-item-198\"><a href=\"https:\/\/theblackunicorn.eu\/hun\/cv\/\" class=\"elementor-item\" tabindex=\"-1\">CV<\/a><\/li>\n<li class=\"menu-item menu-item-type-custom menu-item-object-custom menu-item-94\"><a href=\"https:\/\/theblackunicorn.eu\/hun\/#contentp2\" class=\"elementor-item elementor-item-anchor\" tabindex=\"-1\">Content<\/a><\/li>\n<li class=\"menu-item menu-item-type-custom menu-item-object-custom menu-item-95\"><a href=\"https:\/\/theblackunicorn.eu\/hun\/#consultingp2\" class=\"elementor-item elementor-item-anchor\" tabindex=\"-1\">Consulting<\/a><\/li>\n<li class=\"menu-item menu-item-type-custom menu-item-object-custom menu-item-96\"><a href=\"https:\/\/theblackunicorn.eu\/hun\/#coaching\" class=\"elementor-item elementor-item-anchor\" tabindex=\"-1\">Coaching<\/a><\/li>\n<li class=\"menu-item menu-item-type-custom menu-item-object-custom menu-item-has-children menu-item-216\"><a href=\"https:\/\/theblackunicorn.eu\/hun\/#casestudies\" class=\"elementor-item elementor-item-anchor\" tabindex=\"-1\">Case Studies<\/a>\n<ul class=\"sub-menu elementor-nav-menu--dropdown\">\n\t<li class=\"menu-item menu-item-type-post_type menu-item-object-page menu-item-947\"><a href=\"https:\/\/theblackunicorn.eu\/hun\/eng-case-studies\/\" class=\"elementor-sub-item\" tabindex=\"-1\">ENG Case Studies<\/a><\/li>\n\t<li class=\"menu-item menu-item-type-post_type menu-item-object-page menu-item-967\"><a href=\"https:\/\/theblackunicorn.eu\/hun\/hun-case-studies\/\" class=\"elementor-sub-item\" tabindex=\"-1\">HUN Case Studies<\/a><\/li>\n<\/ul>\n<\/li>\n<li class=\"menu-item menu-item-type-custom menu-item-object-custom menu-item-97\"><a href=\"https:\/\/theblackunicorn.eu\/hun\/#contact\" class=\"elementor-item elementor-item-anchor\" tabindex=\"-1\">Contact<\/a><\/li>\n<li class=\"trp-language-switcher-container menu-item menu-item-type-post_type menu-item-object-language_switcher current-language-menu-item menu-item-268\"><a href=\"https:\/\/theblackunicorn.eu\/hun\/wp-json\/wp\/v2\/pages\/462\" class=\"elementor-item elementor-item-anchor\" tabindex=\"-1\"><span data-no-translation><span class=\"trp-ls-language-name\">ENG<\/span><\/span><\/a><\/li>\n<\/ul>\t\t\t<\/nav>\n\t\t\t\t<\/div>\n\t\t\t\t<\/div>\n\t\t\t\t\t<\/div>\n\t\t<\/div>\n\t\t\t\t\t<\/div>\n\t\t<\/section>\n\t\t\t\t\t<\/div>\n\t\t<\/div>\n\t\t\t\t\t<\/div>\n\t\t<\/section>\n\t\t\t\t<section class=\"elementor-section elementor-top-section elementor-element elementor-element-4141136b animated-slow elementor-section-boxed elementor-section-height-default elementor-section-height-default elementor-invisible\" data-id=\"4141136b\" data-element_type=\"section\" data-settings=\"{&quot;background_background&quot;:&quot;classic&quot;,&quot;animation&quot;:&quot;fadeIn&quot;,&quot;animation_delay&quot;:180}\">\n\t\t\t\t\t\t\t<div class=\"elementor-background-overlay\"><\/div>\n\t\t\t\t\t\t\t<div class=\"elementor-container elementor-column-gap-default\">\n\t\t\t\t\t<div class=\"elementor-column elementor-col-100 elementor-top-column elementor-element elementor-element-2d3e126a\" data-id=\"2d3e126a\" data-element_type=\"column\">\n\t\t\t<div class=\"elementor-widget-wrap elementor-element-populated\">\n\t\t\t\t\t\t<div class=\"elementor-element elementor-element-a848f8e elementor-widget elementor-widget-heading\" data-id=\"a848f8e\" data-element_type=\"widget\" data-widget_type=\"heading.default\">\n\t\t\t\t<div class=\"elementor-widget-container\">\n\t\t\t<h2 class=\"elementor-heading-title elementor-size-default\">\/digital druid<\/h2>\t\t<\/div>\n\t\t\t\t<\/div>\n\t\t\t\t<div class=\"elementor-element elementor-element-47ef6693 elementor-widget elementor-widget-heading\" data-id=\"47ef6693\" data-element_type=\"widget\" data-widget_type=\"heading.default\">\n\t\t\t\t<div class=\"elementor-widget-container\">\n\t\t\t<h4 class=\"elementor-heading-title elementor-size-default\">2014 tavasz\u00e1nak els\u0151 napj\u00e1n megv\u00e1ltoztattuk az \u00e9let\u00fcnket.\n<\/h4>\t\t<\/div>\n\t\t\t\t<\/div>\n\t\t\t\t<div class=\"elementor-element elementor-element-689f54b elementor-widget-divider--view-line elementor-widget elementor-widget-divider\" data-id=\"689f54b\" data-element_type=\"widget\" data-widget_type=\"divider.default\">\n\t\t\t\t<div class=\"elementor-widget-container\">\n\t\t\t\t\t<div class=\"elementor-divider\">\n\t\t\t<span class=\"elementor-divider-separator\">\n\t\t\t\t\t\t<\/span>\n\t\t<\/div>\n\t\t\t\t<\/div>\n\t\t\t\t<\/div>\n\t\t\t\t<div class=\"elementor-element elementor-element-4ae10a12 elementor-widget elementor-widget-text-editor\" data-id=\"4ae10a12\" data-element_type=\"widget\" data-widget_type=\"text-editor.default\">\n\t\t\t\t<div class=\"elementor-widget-container\">\n\t\t\t\t\t\t\t<p><span style=\"font-weight: 400;\">Felpakoltunk \u00e9s otthagytuk a nagyv\u00e1rosi \u00fcgyn\u00f6ks\u00e9gi \u00e9letet, \u00e9s egy 100%-ban remote \u00e9letm\u00f3d mellett d\u00f6nt\u00f6tt\u00fcnk. De ahelyett, hogy \u00fatra kelt\u00fcnk volna, mint a digit\u00e1lis nom\u00e1dok, mi a helyf\u00fcggetlens\u00e9g\u00fcnket arra haszn\u00e1ltuk, hogy a Term\u00e9szettel harm\u00f3ni\u00e1ra t\u00f6rekedve \u00e9lj\u00fcnk. Egy olyan \u00e9letm\u00f3ddal k\u00eds\u00e9rletez\u00fcnk, ami a visszaad\u00e1sra, a k\u00f6r\u00fcl\u00f6tt\u00fcnk l\u00e9v\u0151 biodiverzit\u00e1s n\u00f6vel\u00e9s\u00e9re f\u00f3kusz\u00e1l.<\/span><\/p>\t\t\t\t\t\t<\/div>\n\t\t\t\t<\/div>\n\t\t\t\t<div class=\"elementor-element elementor-element-6a70ff28 elementor-widget elementor-widget-text-editor\" data-id=\"6a70ff28\" data-element_type=\"widget\" data-widget_type=\"text-editor.default\">\n\t\t\t\t<div class=\"elementor-widget-container\">\n\t\t\t\t\t\t\t<p><span style=\"font-weight: 400;\">Egy erd\u0151sz\u00e9li h\u00e1zba k\u00f6lt\u00f6zt\u00fcnk, \u00e9s nekil\u00e1ttunk a permakult\u00far\u00e1s kert\u00e9szked\u00e9s lass\u00fa, \u00f3vatos, \u00e9s megfigyel\u00e9sre alapozott m\u00f3dszer\u00e9nek.\u00a0<\/span><\/p>\t\t\t\t\t\t<\/div>\n\t\t\t\t<\/div>\n\t\t\t\t<div class=\"elementor-element elementor-element-4583cc27 elementor-widget elementor-widget-text-editor\" data-id=\"4583cc27\" data-element_type=\"widget\" data-widget_type=\"text-editor.default\">\n\t\t\t\t<div class=\"elementor-widget-container\">\n\t\t\t\t\t\t\t<p><span style=\"font-weight: 400;\">Az volt a meggy\u0151z\u0151d\u00e9s\u00fcnk, hogy a sz\u00e1m\u00edt\u00f3g\u00e9pen v\u00e9gzett \u00e9rt\u00e9kteremt\u0151 munk\u00e1t lehetne \u00e9s kellene kombin\u00e1lni kerti munk\u00e1val, \u00e9s egy eg\u00e9szs\u00e9ges, szabad leveg\u0151s \u00e9letm\u00f3ddal, mert ebben a korban ez a j\u00f3 \u00fat. Legal\u00e1bbis, am\u00edg biztosak lehet\u00fcnk abban, hogy siker\u00fclt elker\u00fclni a bioszf\u00e9r\u00e1nk \u00f6sszeoml\u00e1s\u00e1t, ami a t\u00falfogyaszt\u00e1s \u00e9s az antropog\u00e9n kl\u00edmav\u00e1ltoz\u00e1s miatt zajlik.<\/span><\/p>\t\t\t\t\t\t<\/div>\n\t\t\t\t<\/div>\n\t\t\t\t<div class=\"elementor-element elementor-element-2c61d4f2 elementor-widget elementor-widget-text-editor\" data-id=\"2c61d4f2\" data-element_type=\"widget\" data-widget_type=\"text-editor.default\">\n\t\t\t\t<div class=\"elementor-widget-container\">\n\t\t\t\t\t\t\t<p><span style=\"font-weight: 400;\">Gyere \u00e9s tapasztald meg, milyen \u00fagy dolgozni, hogy egy erdei v\u00f6lgyben megh\u00faz\u00f3d\u00f3 falura n\u00e9z az ablakod, hogy magadnak szedhetsz z\u00f6lds\u00e9get \u00e9s gy\u00fcm\u00f6lcs\u00f6t, hogy f\u00e1val f\u0171tesz fel egy ultramodern t\u00f6megk\u00e1lyh\u00e1t, \u00e9s meg\u00e9lsz egy szer\u00e9ny \u00e9letm\u00f3dot, ami egy pozit\u00edv v\u00e1ltoz\u00e1st pr\u00f3b\u00e1l maga k\u00f6r\u00fcl kisug\u00e1rozni.<\/span><\/p>\t\t\t\t\t\t<\/div>\n\t\t\t\t<\/div>\n\t\t\t\t<div class=\"elementor-element elementor-element-428425f5 elementor-widget elementor-widget-text-editor\" data-id=\"428425f5\" data-element_type=\"widget\" data-widget_type=\"text-editor.default\">\n\t\t\t\t<div class=\"elementor-widget-container\">\n\t\t\t\t\t\t\t<p><span style=\"font-weight: 400;\">Mi ezt \u00fagy h\u00edvjuk, digit\u00e1lis druidizmus.<\/span><\/p>\t\t\t\t\t\t<\/div>\n\t\t\t\t<\/div>\n\t\t\t\t<div class=\"elementor-element elementor-element-be9ddb3 elementor-widget elementor-widget-text-editor\" data-id=\"be9ddb3\" data-element_type=\"widget\" data-widget_type=\"text-editor.default\">\n\t\t\t\t<div class=\"elementor-widget-container\">\n\t\t\t\t\t\t\t<p><span style=\"font-weight: 400;\">Szerint\u00fcnk ez a coworking-coliving egyik fontos j\u00f6v\u0151k\u00e9pe is. Ez\u00e9rt sz\u00edvesen fogadunk b\u00e1rkit, aki szeretn\u00e9 megismerni ezt az \u00e9letm\u00f3dot.<\/span><\/p>\t\t\t\t\t\t<\/div>\n\t\t\t\t<\/div>\n\t\t\t\t<section class=\"elementor-section elementor-inner-section elementor-element elementor-element-4b5e1ed9 elementor-section-full_width elementor-section-height-default elementor-section-height-default\" data-id=\"4b5e1ed9\" data-element_type=\"section\">\n\t\t\t\t\t\t<div class=\"elementor-container elementor-column-gap-no\">\n\t\t\t\t\t<div class=\"elementor-column elementor-col-100 elementor-inner-column elementor-element elementor-element-62297739\" data-id=\"62297739\" data-element_type=\"column\">\n\t\t\t<div class=\"elementor-widget-wrap elementor-element-populated\">\n\t\t\t\t\t\t<div class=\"elementor-element elementor-element-15dc9f96 elementor-widget elementor-widget-button\" data-id=\"15dc9f96\" data-element_type=\"widget\" data-widget_type=\"button.default\">\n\t\t\t\t<div class=\"elementor-widget-container\">\n\t\t\t\t\t\t\t<div class=\"elementor-button-wrapper\">\n\t\t\t\t\t<a class=\"elementor-button elementor-button-link elementor-size-lg\" href=\"https:\/\/theblackunicorn.eu\/hun\/#contact\">\n\t\t\t\t\t\t<span class=\"elementor-button-content-wrapper\">\n\t\t\t\t\t\t\t\t\t<span class=\"elementor-button-text\">L\u00e9pj vel\u00fcnk kapcsolatba!<\/span>\n\t\t\t\t\t<\/span>\n\t\t\t\t\t<\/a>\n\t\t\t\t<\/div>\n\t\t\t\t\t\t<\/div>\n\t\t\t\t<\/div>\n\t\t\t\t\t<\/div>\n\t\t<\/div>\n\t\t\t\t\t<\/div>\n\t\t<\/section>\n\t\t\t\t<div class=\"elementor-element elementor-element-c2bd477 elementor-widget elementor-widget-text-editor\" data-id=\"c2bd477\" data-element_type=\"widget\" data-widget_type=\"text-editor.default\">\n\t\t\t\t<div class=\"elementor-widget-container\">\n\t\t\t\t\t\t\t<p><span style=\"font-weight: 400;\">\u00a0<\/span><\/p><p><span style=\"font-weight: 400;\">\u00a0<\/span><\/p><p><span style=\"font-weight: 400;\">Vagy kattints az unikornisra, hogy visszat\u00e9rj a kezd\u0151lapra.<\/span><\/p>\t\t\t\t\t\t<\/div>\n\t\t\t\t<\/div>\n\t\t\t\t\t<\/div>\n\t\t<\/div>\n\t\t\t\t\t<\/div>\n\t\t<\/section>\n\t\t\t\t<\/div>","protected":false},"excerpt":{"rendered":"<p>\/digital druid On the first day of Spring in 2014, we changed our lives. We packed up and left the big city agency life, and decided to live a 100% remote lifestyle. But instead of hitting the road as a digital nomad, we wanted to use our freedom to try and live in harmony with [&hellip;]<\/p>","protected":false},"author":3,"featured_media":0,"parent":0,"menu_order":0,"comment_status":"closed","ping_status":"closed","template":"elementor_header_footer","meta":{"footnotes":""},"class_list":["post-462","page","type-page","status-publish","hentry"],"_links":{"self":[{"href":"https:\/\/theblackunicorn.eu\/hun\/wp-json\/wp\/v2\/pages\/462"}],"collection":[{"href":"https:\/\/theblackunicorn.eu\/hun\/wp-json\/wp\/v2\/pages"}],"about":[{"href":"https:\/\/theblackunicorn.eu\/hun\/wp-json\/wp\/v2\/types\/page"}],"author":[{"embeddable":true,"href":"https:\/\/theblackunicorn.eu\/hun\/wp-json\/wp\/v2\/users\/3"}],"replies":[{"embeddable":true,"href":"https:\/\/theblackunicorn.eu\/hun\/wp-json\/wp\/v2\/comments?post=462"}],"version-history":[{"count":8,"href":"https:\/\/theblackunicorn.eu\/hun\/wp-json\/wp\/v2\/pages\/462\/revisions"}],"predecessor-version":[{"id":914,"href":"https:\/\/theblackunicorn.eu\/hun\/wp-json\/wp\/v2\/pages\/462\/revisions\/914"}],"wp:attachment":[{"href":"https:\/\/theblackunicorn.eu\/hun\/wp-json\/wp\/v2\/media?parent=462"}],"curies":[{"name":"wp","href":"https:\/\/api.w.org\/{rel}","templated":true}]}}