{"id":288,"date":"2022-10-14T21:54:30","date_gmt":"2022-10-14T21:54:30","guid":{"rendered":"https:\/\/theblackunicorn.eu\/?page_id=288"},"modified":"2026-02-28T12:52:20","modified_gmt":"2026-02-28T12:52:20","slug":"terms-and-conditions","status":"publish","type":"page","link":"https:\/\/theblackunicorn.eu\/hun\/terms-and-conditions\/","title":{"rendered":"\u00c1SZF"},"content":{"rendered":"<div data-elementor-type=\"wp-page\" data-elementor-id=\"288\" class=\"elementor elementor-288\" data-elementor-post-type=\"page\">\n\t\t\t\t\t\t<section class=\"elementor-section elementor-top-section elementor-element elementor-element-9bd5a56 elementor-section-boxed elementor-section-height-default elementor-section-height-default\" data-id=\"9bd5a56\" data-element_type=\"section\" data-settings=\"{&quot;background_background&quot;:&quot;classic&quot;}\">\n\t\t\t\t\t\t<div class=\"elementor-container elementor-column-gap-default\">\n\t\t\t\t\t<div class=\"elementor-column elementor-col-100 elementor-top-column elementor-element elementor-element-3550444\" data-id=\"3550444\" data-element_type=\"column\">\n\t\t\t<div class=\"elementor-widget-wrap elementor-element-populated\">\n\t\t\t\t\t\t<div class=\"elementor-element elementor-element-977ed3c elementor-widget elementor-widget-spacer\" data-id=\"977ed3c\" data-element_type=\"widget\" data-widget_type=\"spacer.default\">\n\t\t\t\t<div class=\"elementor-widget-container\">\n\t\t\t\t\t<div class=\"elementor-spacer\">\n\t\t\t<div class=\"elementor-spacer-inner\"><\/div>\n\t\t<\/div>\n\t\t\t\t<\/div>\n\t\t\t\t<\/div>\n\t\t\t\t<div class=\"elementor-element elementor-element-bd33968 elementor-widget elementor-widget-heading\" data-id=\"bd33968\" data-element_type=\"widget\" data-widget_type=\"heading.default\">\n\t\t\t\t<div class=\"elementor-widget-container\">\n\t\t\t<h6 class=\"elementor-heading-title elementor-size-default\">Theblackunicorn.eu \u00c1ltal\u00e1nos Szerz\u0151d\u00e9si Felt\u00e9telek<\/h6>\t\t<\/div>\n\t\t\t\t<\/div>\n\t\t\t\t<div class=\"elementor-element elementor-element-4c0b457 elementor-widget elementor-widget-spacer\" data-id=\"4c0b457\" data-element_type=\"widget\" data-widget_type=\"spacer.default\">\n\t\t\t\t<div class=\"elementor-widget-container\">\n\t\t\t\t\t<div class=\"elementor-spacer\">\n\t\t\t<div class=\"elementor-spacer-inner\"><\/div>\n\t\t<\/div>\n\t\t\t\t<\/div>\n\t\t\t\t<\/div>\n\t\t\t\t<div class=\"elementor-element elementor-element-a1e17e0 elementor-widget elementor-widget-text-editor\" data-id=\"a1e17e0\" data-element_type=\"widget\" data-widget_type=\"text-editor.default\">\n\t\t\t\t<div class=\"elementor-widget-container\">\n\t\t\t\t\t\t\t<p>\u00dcdv\u00f6z\u00f6lj\u00fck weboldalunkon! Ha tov\u00e1bbra is b\u00f6ng\u00e9szi \u00e9s haszn\u00e1lja ezt a weboldalt, akkor beleegyezik, hogy betartja \u00e9s mag\u00e1ra n\u00e9zve k\u00f6telez\u0151nek tekinti az al\u00e1bbi felhaszn\u00e1l\u00e1si felt\u00e9teleket, amelyek az adatv\u00e9delmi ir\u00e1nyelvekkel egy\u00fctt szab\u00e1lyozz\u00e1k a Black Unicorn \u00e9s az \u00d6n kapcsolat\u00e1t ezzel a weboldallal kapcsolatban. Ha nem \u00e9rt egyet a jelen felt\u00e9telek b\u00e1rmely r\u00e9sz\u00e9vel, k\u00e9rj\u00fck, ne haszn\u00e1lja weboldalunkat.<\/p><p>A \u201cBlack Unicorn\u201d vagy a \u201cmi\u201d kifejez\u00e9s a weboldal tulajdonos\u00e1ra utal.<\/p><p><b>Tulajdonos: Benedek Gerg\u0151 ev.<\/b><br \/>Registered: 2639 Bernecebar\u00e1ti, R\u00e1k\u00f3czi utca 41.<br \/>Tax number: 74943465-1-33<br \/>E-mail address: gergo@theblackunicorn.eu<br \/><br \/>Weboldal: www.theblackunicorn.eu<br \/><br \/>Az \u201c\u00d6n\u201d kifejez\u00e9s a weboldalunk felhaszn\u00e1l\u00f3j\u00e1ra vagy n\u00e9z\u0151j\u00e9re vonatkozik.<\/p><p>T\u00e1rhelyszolg\u00e1ltat\u00f3nk: Websupport Magyarorsz\u00e1g Kft. (www.ezit.hu)<\/p><p>Email-address of our hosting provider:\u00a0info@ezit.hu<\/p><p>A weboldal haszn\u00e1lata az al\u00e1bbi felhaszn\u00e1l\u00e1si felt\u00e9telek hat\u00e1lya al\u00e1 tartozik:<\/p><p>Az \u201c\u00d6n\u201d kifejez\u00e9s a weboldalunk felhaszn\u00e1l\u00f3j\u00e1ra vagy megtekint\u0151j\u00e9re utal.<\/p><p><b>A weboldal haszn\u00e1lata az al\u00e1bbi felhaszn\u00e1l\u00e1si felt\u00e9telek hat\u00e1lya al\u00e1 tartozik:<\/b><\/p><p>A jelen Felhaszn\u00e1l\u00e1si felt\u00e9telek az \u00d6n szem\u00e9lyesen vagy egy szervezet nev\u00e9ben (\"\u00d6n\") \u00e9s a Benedek Gerg\u0151 e.v. (\"V\u00e1llalat\", \"mi\", \"minket\" vagy \"mi\u00e9nk\") k\u00f6z\u00f6tt l\u00e9trej\u00f6tt, jogilag k\u00f6telez\u0151 \u00e9rv\u00e9ny\u0171 meg\u00e1llapod\u00e1st k\u00e9pezik, amely a theblackunicorn.eu weboldalhoz val\u00f3 hozz\u00e1f\u00e9r\u00e9sre \u00e9s annak haszn\u00e1lat\u00e1ra, valamint b\u00e1rmely m\u00e1s, ahhoz kapcsol\u00f3d\u00f3 m\u00e9diaform\u00e1ra, m\u00e9diacsatorn\u00e1ra, mobil weboldalra vagy mobilalkalmaz\u00e1sra vonatkozik. \u00d6n elfogadja, hogy a Honlaphoz val\u00f3 hozz\u00e1f\u00e9r\u00e9ssel egy\u00fctt elolvasta, meg\u00e9rtette \u00e9s elfogadja a jelen Felhaszn\u00e1l\u00e1si felt\u00e9telek eg\u00e9sz\u00e9t, \u00e9s beleegyezik, hogy azok k\u00f6telez\u0151 \u00e9rv\u00e9ny\u0171ek. HA NEM \u00c9RT EGYET A JELEN FELHASZN\u00c1L\u00c1SI FELT\u00c9TELEK MINDEGYIK\u00c9VEL, AKKOR KIFEJEZETTEN TILOS A WEBHELY HASZN\u00c1LATA, A HASZN\u00c1LATOT AZONNAL BE KELL FEJEZNIE.<\/p><p>A Webhelyen tal\u00e1lhat\u00f3 inform\u00e1ci\u00f3kat nem sz\u00e1njuk olyan szem\u00e9ly vagy szervezet r\u00e9sz\u00e9re t\u00f6rt\u00e9n\u0151 terjeszt\u00e9sre vagy felhaszn\u00e1l\u00e1sra, amely olyan joghat\u00f3s\u00e1g vagy orsz\u00e1g ter\u00fclet\u00e9n tal\u00e1lhat\u00f3, ahol az ilyen terjeszt\u00e9s vagy felhaszn\u00e1l\u00e1s t\u00f6rv\u00e9nybe vagy szab\u00e1lyoz\u00e1sba \u00fctk\u00f6zik, vagy amely az ilyen joghat\u00f3s\u00e1gon vagy orsz\u00e1gon bel\u00fcl b\u00e1rmilyen regisztr\u00e1ci\u00f3s k\u00f6telezetts\u00e9gnek vetne minket al\u00e1. Ennek megfelel\u0151en azok a szem\u00e9lyek, akik \u00fagy d\u00f6ntenek, hogy ezekr\u0151l a helyekr\u0151l f\u00e9rnek hozz\u00e1 a Webhelyhez, ezt saj\u00e1t kezdem\u00e9nyez\u00e9s\u00fckre teszik, \u00e9s kiz\u00e1r\u00f3lag \u0151k felel\u0151sek a helyi t\u00f6rv\u00e9nyek betart\u00e1s\u00e1\u00e9rt, ha \u00e9s amennyiben a helyi t\u00f6rv\u00e9nyek alkalmazand\u00f3k.<\/p><p>A Webhely haszn\u00e1lat\u00e1val \u00d6n kijelenti \u00e9s garant\u00e1lja, hogy:  (1) \u00d6n cselekv\u0151k\u00e9pes, \u00e9s beleegyezik a jelen Felhaszn\u00e1l\u00e1si felt\u00e9telek betart\u00e1s\u00e1ba; (2) \u00d6n nem kiskor\u00fa abban a joghat\u00f3s\u00e1gban, amelyben lak\u00f3helye van; (3) \u00d6n nem f\u00e9r hozz\u00e1 a Webhelyhez automatiz\u00e1lt vagy nem emberi eszk\u00f6z\u00f6kkel, ak\u00e1r bot, script vagy m\u00e1s m\u00f3don; (4) \u00d6n nem haszn\u00e1lja a Webhelyet illeg\u00e1lis vagy jogosulatlan c\u00e9lra; \u00e9s (5) a Webhely haszn\u00e1lata nem s\u00e9rt semmilyen alkalmazand\u00f3 t\u00f6rv\u00e9nyt vagy rendeletet.<\/p><p><b>A weboldal tartalma<\/b><\/p><p>A weboldal oldalainak tartalma kiz\u00e1r\u00f3lag az \u00d6n \u00e1ltal\u00e1nos t\u00e1j\u00e9koztat\u00e1s\u00e1ra \u00e9s haszn\u00e1lat\u00e1ra szolg\u00e1l \u00e9s el\u0151zetes \u00e9rtes\u00edt\u00e9s n\u00e9lk\u00fcl v\u00e1ltozhat.<\/p><p><b>Felel\u0151ss\u00e9gkiz\u00e1r\u00e1s<\/b><br \/>A jelen weboldalon tal\u00e1lhat\u00f3 b\u00e1rmely inform\u00e1ci\u00f3 vagy anyag felhaszn\u00e1l\u00e1sa kiz\u00e1r\u00f3lag az \u00d6n saj\u00e1t felel\u0151ss\u00e9g\u00e9re t\u00f6rt\u00e9nik, amely\u00e9rt mi nem v\u00e1llalunk felel\u0151ss\u00e9get. Az \u00d6n saj\u00e1t felel\u0151ss\u00e9ge annak biztos\u00edt\u00e1sa, hogy a weboldalon kereszt\u00fcl el\u00e9rhet\u0151 b\u00e1rmely szolg\u00e1ltat\u00e1s vagy inform\u00e1ci\u00f3 megfeleljen az \u00d6n egyedi ig\u00e9nyeinek.<\/p><p>Ez a weboldal olyan anyagokat tartalmaz, amelyek a mi tulajdonunkban vannak, vagy amelyeket enged\u00e9ly\u00fcnkkel haszn\u00e1lunk. Ezek k\u00f6z\u00e9 tartozik t\u00f6bbek k\u00f6z\u00f6tt a tervez\u00e9s, az elrendez\u00e9s, a megjelen\u00e9s, a megjelen\u00edt\u00e9s \u00e9s a grafika. A sokszoros\u00edt\u00e1s tilos, kiv\u00e9ve a szerz\u0151i jogi k\u00f6zlem\u00e9nynek megfelel\u0151en, amely a jelen \u00e1ltal\u00e1nos szerz\u0151d\u00e9si felt\u00e9telek r\u00e9sz\u00e9t k\u00e9pezi. Tilos ezeket a szerz\u0151i jogv\u00e9delem alatt \u00e1ll\u00f3 anyagokat m\u00e1solni, \u00fajraalkotni vagy \u00e9rt\u00e9kes\u00edteni.<\/p><p><b>V\u00e9djegyek<\/b><br \/>A weboldalon felt\u00fcntet\u00e9sre ker\u00fcl minden olyan v\u00e9djegy, amely nem az \u00fczemeltet\u0151 tulajdona, illetve nem az \u00fczemeltet\u0151 sz\u00e1m\u00e1ra enged\u00e9lyezett.<\/p><p><b>Jogosulatlan haszn\u00e1lat<\/b><br \/>A weboldal jogosulatlan haszn\u00e1lata k\u00e1rt\u00e9r\u00edt\u00e9si ig\u00e9nyt vonhat maga ut\u00e1n \u00e9s\/vagy b\u0171ncselekm\u00e9nynek min\u0151s\u00fclhet.<\/p><p><b>Harmadik Felek<\/b><br \/>Ez a weboldal id\u0151r\u0151l id\u0151re m\u00e1s weboldalakra mutat\u00f3 linkeket tartalmazhat. Ezek a linkek az \u00d6n k\u00e9nyelm\u00e9t szolg\u00e1lj\u00e1k, hogy tov\u00e1bbi inform\u00e1ci\u00f3kat ny\u00fajtsanak. Ez nem jelenti a weboldal(ak) j\u00f3v\u00e1hagy\u00e1s\u00e1t. Nem vagyunk felel\u0151sek a hivatkozott weboldal(ak) tartalm\u00e1\u00e9rt.<\/p><p><b>Adatv\u00e9delem<\/b><\/p><p>Fontos sz\u00e1munkra az adatv\u00e9delem \u00e9s az adatbiztons\u00e1g. K\u00e9rj\u00fck, olvassa el adatv\u00e9delmi szab\u00e1lyzatunkat: https:\/\/theblackunicorn.eu\/privacy-policy. A Webhely haszn\u00e1lat\u00e1val \u00d6n elfogadja az Adatv\u00e9delmi szab\u00e1lyzatunkat, amely a jelen Felhaszn\u00e1l\u00e1si felt\u00e9telek r\u00e9sz\u00e9t k\u00e9pezi. Felh\u00edvjuk figyelm\u00e9t, hogy a Webhely Magyarorsz\u00e1gon tal\u00e1lhat\u00f3. Ha \u00d6n a vil\u00e1g b\u00e1rmely m\u00e1s olyan r\u00e9gi\u00f3j\u00e1b\u00f3l l\u00e9p be a Webhelyre, ahol a szem\u00e9lyes adatok gy\u0171jt\u00e9s\u00e9re, felhaszn\u00e1l\u00e1s\u00e1ra vagy k\u00f6zz\u00e9t\u00e9tel\u00e9re vonatkoz\u00f3 t\u00f6rv\u00e9nyek vagy egy\u00e9b k\u00f6vetelm\u00e9nyek elt\u00e9rnek a Magyarorsz\u00e1gon alkalmazand\u00f3 t\u00f6rv\u00e9nyekt\u0151l, akkor a Webhely tov\u00e1bbi haszn\u00e1lat\u00e1val \u00d6n \u00e1tadja adatait Magyarorsz\u00e1gra, \u00e9s hozz\u00e1j\u00e1rul ahhoz, hogy adatait Magyarorsz\u00e1gra tov\u00e1bb\u00edts\u00e1k \u00e9s itt dolgozz\u00e1k fel.<\/p><p><span style=\"font-weight: bold;\">S\u00fctik<\/span><br \/>Ez a weboldal s\u00fctiket haszn\u00e1l a b\u00f6ng\u00e9sz\u00e9si preferenci\u00e1k nyomon k\u00f6vet\u00e9s\u00e9re. Szem\u00e9lyes adatokat nem t\u00e1rolunk harmadik f\u00e9l \u00e1ltali felhaszn\u00e1l\u00e1sra.<br \/>Sem mi, sem harmadik felek nem v\u00e1llalnak semmilyen garanci\u00e1t vagy szavatoss\u00e1got a weboldalon tal\u00e1lhat\u00f3 vagy k\u00edn\u00e1lt inform\u00e1ci\u00f3k \u00e9s anyagok pontoss\u00e1g\u00e1ra, id\u0151szer\u0171s\u00e9g\u00e9re, eredm\u00e9nyess\u00e9g\u00e9re, teljess\u00e9g\u00e9re vagy alkalmass\u00e1g\u00e1ra vonatkoz\u00f3an. \u00d6n tudom\u00e1sul veszi, hogy az ilyen inform\u00e1ci\u00f3k \u00e9s anyagok pontatlans\u00e1gokat vagy hib\u00e1kat tartalmazhatnak, \u00e9s mi kifejezetten kiz\u00e1rjuk a felel\u0151ss\u00e9get az ilyen pontatlans\u00e1gok\u00e9rt vagy hib\u00e1k\u00e9rt a t\u00f6rv\u00e9ny \u00e1ltal megengedett legteljesebb m\u00e9rt\u00e9kben.<\/p><p><b>Ir\u00e1nyad\u00f3 Jog<\/b><\/p><p>Ezekre a felt\u00e9telekre a magyar jog az ir\u00e1nyad\u00f3 \u00e9s a magyar jog szerint \u00e9rtelmezend\u0151, \u00e9s az ENSZ nemzetk\u00f6zi ad\u00e1sv\u00e9teli szerz\u0151d\u00e9sekr\u0151l sz\u00f3l\u00f3 egyezm\u00e9ny\u00e9nek alkalmaz\u00e1sa kifejezetten kiz\u00e1rt. Ha az \u00d6n szok\u00e1sos tart\u00f3zkod\u00e1si helye az EU-ban van, \u00e9s \u00d6n fogyaszt\u00f3, akkor \u00d6n ezen fel\u00fcl rendelkezik a lak\u00f3helye szerinti orsz\u00e1g joga \u00e1ltal k\u00f6telez\u0151en el\u0151\u00edrt v\u00e9delemmel. Benedek Gerg\u0151 e.v. \u00e9s \u00d6n is beleegyezik abba, hogy al\u00e1veti mag\u00e1t a budapesti b\u00edr\u00f3s\u00e1gok nem kiz\u00e1r\u00f3lagos joghat\u00f3s\u00e1g\u00e1nak, ami azt jelenti, hogy a jelen Felhaszn\u00e1l\u00e1si Felt\u00e9telekkel kapcsolatos fogyaszt\u00f3v\u00e9delmi jogai v\u00e9delm\u00e9ben Magyarorsz\u00e1gon, illetve az \u00d6n lak\u00f3helye szerinti EU-tag\u00e1llamban \u00e9rv\u00e9nyes\u00edthet keresetet.<\/p><p><b>B\u00edr\u00f3s\u00e1g Kik\u00f6t\u00e9se<\/b><\/p><p>A jelen szerz\u0151d\u00e9sben r\u00e9szes felek k\u00f6z\u00f6tti kapcsolatokb\u00f3l ered\u0151 b\u00e1rmely vit\u00e1t egy v\u00e1lasztottb\u00edr\u00f3 d\u00f6nti el, akit a strasbourgi sz\u00e9khely\u0171 Eur\u00f3pai V\u00e1lasztottb\u00edr\u00f3s\u00e1ghoz tartoz\u00f3 Eur\u00f3pai V\u00e1lasztottb\u00edr\u00f3s\u00e1g V\u00e1lasztottb\u00edr\u00f3s\u00e1gi \u00e9s Bels\u0151 Szab\u00e1lyzata szerint v\u00e1lasztanak ki, amely a v\u00e1lasztottb\u00edr\u00f3s\u00e1gi elj\u00e1r\u00e1s ir\u00e1nti k\u00e9relem beny\u00fajt\u00e1s\u00e1nak id\u0151pontj\u00e1ban hat\u00e1lyos, \u00e9s amelynek elfogad\u00e1sa e z\u00e1rad\u00e9k elfogad\u00e1s\u00e1t jelenti. A v\u00e1lasztottb\u00edr\u00f3s\u00e1gi elj\u00e1r\u00e1s sz\u00e9khelye Budapest, Magyarorsz\u00e1g. Az elj\u00e1r\u00e1s nyelve a magyar. Az anyagi jogra Magyarorsz\u00e1g joga az ir\u00e1nyad\u00f3. Fenntartjuk a jogot, hogy az itt fel nem sorolt kiv\u00e9teleket szabadon alkalmazzuk.<\/p><p><b>Korrekci\u00f3k<\/b><\/p><p>A Weboldalon lehetnek olyan inform\u00e1ci\u00f3k, amelyek tipogr\u00e1fiai hib\u00e1kat, pontatlans\u00e1gokat vagy hi\u00e1nyoss\u00e1gokat tartalmaznak, bele\u00e9rtve a le\u00edr\u00e1sokat, az \u00e1rakat, a rendelkez\u00e9sre \u00e1ll\u00e1st \u00e9s k\u00fcl\u00f6nb\u00f6z\u0151 egy\u00e9b inform\u00e1ci\u00f3kat. Fenntartjuk a jogot, hogy a hib\u00e1kat, pontatlans\u00e1gokat vagy hi\u00e1nyoss\u00e1gokat kijav\u00edtsuk, valamint hogy a Honlapon tal\u00e1lhat\u00f3 inform\u00e1ci\u00f3kat b\u00e1rmikor, el\u0151zetes \u00e9rtes\u00edt\u00e9s n\u00e9lk\u00fcl megv\u00e1ltoztassuk vagy friss\u00edts\u00fck.<\/p><p>A weboldal haszn\u00e1lata \u00e9s a weboldal haszn\u00e1lat\u00e1b\u00f3l ered\u0151 b\u00e1rmely jogvita Magyarorsz\u00e1g t\u00f6rv\u00e9nyei al\u00e1 tartozik.<\/p>\t\t\t\t\t\t<\/div>\n\t\t\t\t<\/div>\n\t\t\t\t\t<\/div>\n\t\t<\/div>\n\t\t\t\t\t<\/div>\n\t\t<\/section>\n\t\t\t\t<\/div>","protected":false},"excerpt":{"rendered":"<p>Theblackunicorn.eu Terms &amp; Conditions Welcome to our website. If you continue to browse and use this website, you are agreeing to comply with and be bound by the following terms and conditions of use. If you do not agree to any part of these terms and conditions, please do not use our website. The term [&hellip;]<\/p>","protected":false},"author":3,"featured_media":0,"parent":0,"menu_order":0,"comment_status":"closed","ping_status":"closed","template":"","meta":{"footnotes":""},"class_list":["post-288","page","type-page","status-publish","hentry"],"_links":{"self":[{"href":"https:\/\/theblackunicorn.eu\/hun\/wp-json\/wp\/v2\/pages\/288"}],"collection":[{"href":"https:\/\/theblackunicorn.eu\/hun\/wp-json\/wp\/v2\/pages"}],"about":[{"href":"https:\/\/theblackunicorn.eu\/hun\/wp-json\/wp\/v2\/types\/page"}],"author":[{"embeddable":true,"href":"https:\/\/theblackunicorn.eu\/hun\/wp-json\/wp\/v2\/users\/3"}],"replies":[{"embeddable":true,"href":"https:\/\/theblackunicorn.eu\/hun\/wp-json\/wp\/v2\/comments?post=288"}],"version-history":[{"count":8,"href":"https:\/\/theblackunicorn.eu\/hun\/wp-json\/wp\/v2\/pages\/288\/revisions"}],"predecessor-version":[{"id":926,"href":"https:\/\/theblackunicorn.eu\/hun\/wp-json\/wp\/v2\/pages\/288\/revisions\/926"}],"wp:attachment":[{"href":"https:\/\/theblackunicorn.eu\/hun\/wp-json\/wp\/v2\/media?parent=288"}],"curies":[{"name":"wp","href":"https:\/\/api.w.org\/{rel}","templated":true}]}}